{"id":28,"date":"2019-08-16T17:42:34","date_gmt":"2019-08-16T15:42:34","guid":{"rendered":"http:\/\/fotogruppeobjektiv-vse.de\/?page_id=28"},"modified":"2025-04-08T17:18:58","modified_gmt":"2025-04-08T15:18:58","slug":"mitglieder","status":"publish","type":"page","link":"https:\/\/fotogruppeobjektiv-vse.de\/?page_id=28","title":{"rendered":"Der Fotoclub"},"content":{"rendered":"\t\t<div data-elementor-type=\"wp-page\" data-elementor-id=\"28\" class=\"elementor elementor-28\">\n\t\t\t\t\t\t<section class=\"elementor-section elementor-top-section elementor-element elementor-element-174051c elementor-section-boxed elementor-section-height-default elementor-section-height-default\" data-id=\"174051c\" data-element_type=\"section\">\n\t\t\t\t\t\t<div class=\"elementor-container elementor-column-gap-default\">\n\t\t\t\t\t<div class=\"elementor-column elementor-col-100 elementor-top-column elementor-element elementor-element-25c0831\" data-id=\"25c0831\" data-element_type=\"column\">\n\t\t\t<div class=\"elementor-widget-wrap elementor-element-populated\">\n\t\t\t\t\t\t<div class=\"elementor-element elementor-element-d1b97ce elementor-widget elementor-widget-text-editor\" data-id=\"d1b97ce\" data-element_type=\"widget\" data-widget_type=\"text-editor.default\">\n\t\t\t\t<div class=\"elementor-widget-container\">\n\t\t\t\t\t\t\t<p class=\"MsoNormal\" style=\"margin: 0cm 0cm 0.0001pt; font-size: medium; font-family: Calibri, sans-serif; caret-color: #000000; color: #000000; font-style: normal;\">Die Fotogruppe Objektiv VSE besteht derzeit aus 18 Fotografen und Fotografinnen, deren Leidenschaft die kreative und anspruchsvolle Fotografie ist. Dabei zieht sich die Bandbreite an Interessen unserer Mitglieder von der Landschaftsfotografie \u00fcber Architektur, Langzeitbelichtung, Portr\u00e4t, Foodfotografie und experimenteller Fotografie bis hin zur Mikrofotografie.<\/p>\n<p class=\"MsoNormal\" style=\"margin: 0cm 0cm 0.0001pt; font-size: medium; font-family: Calibri, sans-serif; caret-color: #000000; color: #000000; font-style: normal;\">\n<\/p><p class=\"MsoNormal\" style=\"margin: 0cm 0cm 0.0001pt; font-size: medium; font-family: Calibri, sans-serif; caret-color: #000000; color: #000000; font-style: normal;\">Unserer Meinung nach ist ein wichtiger Aspekt des Clubs, sich auszutauschen, anderen \u00fcber die Schultern zu schauen &#8211; und schauen zu lassen &#8211; sowie eigene Erfahrungen weiterzugeben.<\/p>\n<p class=\"MsoNormal\" style=\"margin: 0cm 0cm 0.0001pt; font-size: medium; font-family: Calibri, sans-serif; caret-color: #000000; color: #000000; font-style: normal;\">\n<\/p><p class=\"MsoNormal\" style=\"margin: 0cm 0cm 0.0001pt; font-size: medium; font-family: Calibri, sans-serif; caret-color: #000000; color: #000000; font-style: normal;\">Dies geschieht w\u00e4hrend unserer Clubabende und bei gemeinsamen Foto-Exkursionen.<\/p>\n<p class=\"MsoNormal\" style=\"margin: 0cm 0cm 0.0001pt; font-size: medium; font-family: Calibri, sans-serif; caret-color: #000000; color: #000000; font-style: normal;\">\n<\/p><p class=\"MsoNormal\" style=\"margin: 0cm 0cm 0.0001pt; font-size: medium; font-family: Calibri, sans-serif; caret-color: #000000; color: #000000; font-style: normal;\">Bei unseren Clubabenden hat jeder die Gelegenheit, seine Bilder vorzustellen und um Meinung zu bitten. Wir legen Wert darauf, dass Bilder diskutiert werden, um herauszustellen, was an einem Bild gef\u00e4llt, was gut umgesetzt ist &#8211; aber auch, dass Anregungen gegeben werden, was besser zu machen w\u00e4re. Jeder von uns hat bestimmt schon mal die Erfahrung gemacht, dass konstruktive Kritik weiterhilft. Nur so k\u00f6nnen wir uns alle weiterentwickeln und besser werden.<\/p>\n<p class=\"MsoNormal\" style=\"margin: 0cm 0cm 0.0001pt; font-size: medium; font-family: Calibri, sans-serif; caret-color: #000000; color: #000000; font-style: normal;\">\n<\/p><p class=\"MsoNormal\" style=\"margin: 0cm 0cm 0.0001pt; font-size: medium; font-family: Calibri, sans-serif; caret-color: #000000; color: #000000; font-style: normal;\">Ein weiteres, gro\u00dfes Thema ist die Weiterbildung in theoretischen Themen, wie beispielsweise Bildgestaltung und die dazu geh\u00f6rige Technik, sowie digitale Bildbearbeitung.&nbsp;<br><\/p>\n<p class=\"MsoNormal\" style=\"margin: 0cm 0cm 0.0001pt; font-size: medium; font-family: Calibri, sans-serif; caret-color: #000000; color: #000000; font-style: normal;\">\n<\/p><p class=\"MsoNormal\" style=\"margin: 0cm 0cm 0.0001pt; font-size: medium; font-family: Calibri, sans-serif; caret-color: #000000; color: #000000; font-style: normal;\">Die Teilnahme an Fotowettbewerben ist gern gesehen und wird unterst\u00fctzt, steht bei uns aber nicht im Vordergrund. Unsere Motivation f\u00fcr gute Bilder ist auch, gemeinsame Ausstellungen zu organisieren, bei denen jedes Mitglied die M\u00f6glichkeit hat, seine besten Bilder zu pr\u00e4sentieren.&nbsp;<\/p>\n<p class=\"MsoNormal\" style=\"margin: 0cm 0cm 0.0001pt; font-size: medium; font-family: Calibri, sans-serif; caret-color: #000000; color: #000000; font-style: normal;\">\n<\/p><p class=\"MsoNormal\" style=\"margin: 0cm 0cm 0.0001pt; font-size: medium; font-family: Calibri, sans-serif; caret-color: #000000; color: #000000; font-style: normal;\">Nicht zuletzt soll auch der gesellige Aspekt unseres Fotoclubs nicht zu kurz kommen. Fachsimpeln oder einfach nur ratschen in einer netten Runde muss schlie\u00dflich auch sein.<\/p>\n<p class=\"MsoNormal\" style=\"margin: 0cm 0cm 0.0001pt; font-size: medium; font-family: Calibri, sans-serif; caret-color: #000000; color: #000000; font-style: normal;\">\n<\/p><p class=\"MsoNormal\" style=\"margin: 0cm 0cm 0.0001pt; font-size: medium; font-family: Calibri, sans-serif; caret-color: #000000; color: #000000; font-style: normal;\">Unsere Clubabende finden einmal im Monat um 18:00 Uhr in unseren Clubr\u00e4umen im Ausbildungszentrum der VSE in Ensdorf statt.&nbsp;<\/p>\n<p class=\"MsoNormal\" style=\"margin: 0cm 0cm 0.0001pt; font-size: medium; font-family: Calibri, sans-serif; caret-color: #000000; color: #000000; font-style: normal; text-align: justify;\">G\u00e4ste sind uns jederzeit herzlich willkommen. Melden Sie sich einfach per Mail an:&nbsp;<a style=\"font-size: 15px; font-family: Roboto, sans-serif;\" href=\"mailto:info@fotogruppeobjektiv-vse.de\" target=\"_blank\" rel=\"noopener\">info@fotogruppeobjektiv-vse.de<\/a><\/p>\t\t\t\t\t\t<\/div>\n\t\t\t\t<\/div>\n\t\t\t\t\t<\/div>\n\t\t<\/div>\n\t\t\t\t\t<\/div>\n\t\t<\/section>\n\t\t\t\t<\/div>\n\t\t","protected":false},"excerpt":{"rendered":"<p>Die Fotogruppe Objektiv VSE besteht derzeit aus 18 Fotografen und Fotografinnen, deren Leidenschaft die kreative und anspruchsvolle Fotografie ist. Dabei zieht sich die Bandbreite an Interessen unserer Mitglieder von der Landschaftsfotografie \u00fcber Architektur, Langzeitbelichtung, Portr\u00e4t, Foodfotografie und experimenteller Fotografie bis hin zur Mikrofotografie. Unserer Meinung nach ist ein wichtiger Aspekt des Clubs, sich auszutauschen, anderen [&hellip;]<\/p>\n","protected":false},"author":1,"featured_media":0,"parent":0,"menu_order":0,"comment_status":"closed","ping_status":"closed","template":"","meta":{"site-sidebar-layout":"no-sidebar","site-content-layout":"page-builder","ast-site-content-layout":"","site-content-style":"default","site-sidebar-style":"default","ast-global-header-display":"","ast-banner-title-visibility":"","ast-main-header-display":"","ast-hfb-above-header-display":"","ast-hfb-below-header-display":"","ast-hfb-mobile-header-display":"","site-post-title":"disabled","ast-breadcrumbs-content":"","ast-featured-img":"disabled","footer-sml-layout":"","theme-transparent-header-meta":"default","adv-header-id-meta":"","stick-header-meta":"","header-above-stick-meta":"","header-main-stick-meta":"","header-below-stick-meta":"","astra-migrate-meta-layouts":"default","ast-page-background-enabled":"default","ast-page-background-meta":{"desktop":{"background-color":"","background-image":"","background-repeat":"repeat","background-position":"center center","background-size":"auto","background-attachment":"scroll","background-type":"","background-media":"","overlay-type":"","overlay-color":"","overlay-opacity":"","overlay-gradient":""},"tablet":{"background-color":"","background-image":"","background-repeat":"repeat","background-position":"center center","background-size":"auto","background-attachment":"scroll","background-type":"","background-media":"","overlay-type":"","overlay-color":"","overlay-opacity":"","overlay-gradient":""},"mobile":{"background-color":"","background-image":"","background-repeat":"repeat","background-position":"center center","background-size":"auto","background-attachment":"scroll","background-type":"","background-media":"","overlay-type":"","overlay-color":"","overlay-opacity":"","overlay-gradient":""}},"ast-content-background-meta":{"desktop":{"background-color":"var(--ast-global-color-5)","background-image":"","background-repeat":"repeat","background-position":"center center","background-size":"auto","background-attachment":"scroll","background-type":"","background-media":"","overlay-type":"","overlay-color":"","overlay-opacity":"","overlay-gradient":""},"tablet":{"background-color":"var(--ast-global-color-5)","background-image":"","background-repeat":"repeat","background-position":"center center","background-size":"auto","background-attachment":"scroll","background-type":"","background-media":"","overlay-type":"","overlay-color":"","overlay-opacity":"","overlay-gradient":""},"mobile":{"background-color":"var(--ast-global-color-5)","background-image":"","background-repeat":"repeat","background-position":"center center","background-size":"auto","background-attachment":"scroll","background-type":"","background-media":"","overlay-type":"","overlay-color":"","overlay-opacity":"","overlay-gradient":""}},"footnotes":""},"class_list":["post-28","page","type-page","status-publish","hentry"],"_links":{"self":[{"href":"https:\/\/fotogruppeobjektiv-vse.de\/index.php?rest_route=\/wp\/v2\/pages\/28"}],"collection":[{"href":"https:\/\/fotogruppeobjektiv-vse.de\/index.php?rest_route=\/wp\/v2\/pages"}],"about":[{"href":"https:\/\/fotogruppeobjektiv-vse.de\/index.php?rest_route=\/wp\/v2\/types\/page"}],"author":[{"embeddable":true,"href":"https:\/\/fotogruppeobjektiv-vse.de\/index.php?rest_route=\/wp\/v2\/users\/1"}],"replies":[{"embeddable":true,"href":"https:\/\/fotogruppeobjektiv-vse.de\/index.php?rest_route=%2Fwp%2Fv2%2Fcomments&post=28"}],"version-history":[{"count":13,"href":"https:\/\/fotogruppeobjektiv-vse.de\/index.php?rest_route=\/wp\/v2\/pages\/28\/revisions"}],"predecessor-version":[{"id":1198,"href":"https:\/\/fotogruppeobjektiv-vse.de\/index.php?rest_route=\/wp\/v2\/pages\/28\/revisions\/1198"}],"wp:attachment":[{"href":"https:\/\/fotogruppeobjektiv-vse.de\/index.php?rest_route=%2Fwp%2Fv2%2Fmedia&parent=28"}],"curies":[{"name":"wp","href":"https:\/\/api.w.org\/{rel}","templated":true}]}}