{"id":74,"date":"2019-08-17T11:09:54","date_gmt":"2019-08-17T09:09:54","guid":{"rendered":"http:\/\/fotogruppeobjektiv-vse.de\/?page_id=74"},"modified":"2025-06-16T12:00:57","modified_gmt":"2025-06-16T10:00:57","slug":"elementor-74","status":"publish","type":"page","link":"https:\/\/fotogruppeobjektiv-vse.de\/?page_id=74","title":{"rendered":"Datenschutz"},"content":{"rendered":"\t\t<div data-elementor-type=\"wp-post\" data-elementor-id=\"74\" class=\"elementor elementor-74\">\n\t\t\t\t\t\t<section class=\"elementor-section elementor-top-section elementor-element elementor-element-facf862 elementor-section-boxed elementor-section-height-default elementor-section-height-default\" data-id=\"facf862\" data-element_type=\"section\">\n\t\t\t\t\t\t<div class=\"elementor-container elementor-column-gap-default\">\n\t\t\t\t\t<div class=\"elementor-column elementor-col-100 elementor-top-column elementor-element elementor-element-438e528\" data-id=\"438e528\" data-element_type=\"column\">\n\t\t\t<div class=\"elementor-widget-wrap elementor-element-populated\">\n\t\t\t\t\t\t<div class=\"elementor-element elementor-element-97ba143 elementor-widget elementor-widget-heading\" data-id=\"97ba143\" data-element_type=\"widget\" data-widget_type=\"heading.default\">\n\t\t\t\t<div class=\"elementor-widget-container\">\n\t\t\t<h2 class=\"elementor-heading-title elementor-size-default\">Datenschutz<\/h2>\t\t<\/div>\n\t\t\t\t<\/div>\n\t\t\t\t\t<\/div>\n\t\t<\/div>\n\t\t\t\t\t<\/div>\n\t\t<\/section>\n\t\t\t\t<section class=\"elementor-section elementor-top-section elementor-element elementor-element-6daa345 elementor-section-boxed elementor-section-height-default elementor-section-height-default\" data-id=\"6daa345\" data-element_type=\"section\">\n\t\t\t\t\t\t<div class=\"elementor-container elementor-column-gap-default\">\n\t\t\t\t\t<div class=\"elementor-column elementor-col-100 elementor-top-column elementor-element elementor-element-857adbe\" data-id=\"857adbe\" data-element_type=\"column\">\n\t\t\t<div class=\"elementor-widget-wrap elementor-element-populated\">\n\t\t\t\t\t\t<div class=\"elementor-element elementor-element-c9afc45 elementor-widget elementor-widget-text-editor\" data-id=\"c9afc45\" data-element_type=\"widget\" data-widget_type=\"text-editor.default\">\n\t\t\t\t<div class=\"elementor-widget-container\">\n\t\t\t\t\t\t\t<p>Wir legen gr\u00f6\u00dften Wert auf den Schutz Ihrer Daten und die Wahrung Ihrer Privatsph\u00e4re. Nachstehend informieren wir Sie deshalb \u00fcber die Erhebung und Verwendung pers\u00f6nlicher Daten bei Nutzung unserer Webseite.<\/p>\n<h4 style=\"font-style: normal; box-sizing: inherit; font-family: proxima-nova, BlinkMacSystemFont, -apple-system, Roboto, 'Lucida Sans'; font-weight: 600; color: #151515; text-rendering: optimizeLegibility; font-size: 34px;\">Name und Kontaktdaten des Verantwortlichen<\/h4>\n<p>Der Verantwortliche im Sinne der datenschutzrechtlichen Bestimmungen f\u00fcr die Verarbeitung personenbezogener Daten ist:<\/p>\n<p>Fotogruppe Objektiv VSE Saarlouis e.V.<\/p>\n<p>Vorsitzender<\/p>\n<p>Ludwig Loch<br><span style=\"font-size: 15px; color: var( --e-global-color-text ); font-family: var( --e-global-typography-text-font-family ), Sans-serif;\">Tel: +49151721178866<\/span><br><\/p><p>e-Mail: info@fotogruppeobjektiv-vse.de<\/p>\n<p>Webseite: www.fotogruppeobjektiv-vse.de<\/p>\n<h4 style=\"font-style: normal; box-sizing: inherit; font-family: proxima-nova, BlinkMacSystemFont, -apple-system, Roboto, 'Lucida Sans'; font-weight: 600; color: #151515; text-rendering: optimizeLegibility; font-size: 34px;\">Anonyme Datenerhebung<\/h4>\n<p>Sie k\u00f6nnen unsere Webseiten besuchen, ohne Angaben zu Ihrer Person zu machen. Wir speichern in diesem Zusammenhang keinerlei pers\u00f6nliche Daten. Um unser Angebot zu verbessern, werten wir lediglich statistische Daten aus, die keinen R\u00fcckschluss auf Ihre Person erlauben.<\/p>\n<h4 style=\"font-style: normal; box-sizing: inherit; font-family: proxima-nova, BlinkMacSystemFont, -apple-system, Roboto, 'Lucida Sans'; font-weight: 600; color: #151515; text-rendering: optimizeLegibility; font-size: 34px;\">Erhebung und Verarbeitung bei Nutzung des Kontaktformulars<\/h4>\n<p>Bei Nutzung des Kontaktformulars erheben wir personenbezogene Daten (Einzelangaben \u00fcber pers\u00f6nliche oder sachliche Verh\u00e4ltnisse einer bestimmten oder bestimmbaren nat\u00fcrlichen Person) nur in dem von Ihnen zur Verf\u00fcgung gestellten Umfang. Ihre E-Mail-Adresse nutzen wir nur zur Bearbeitung Ihrer Anfrage. Ihre Daten werden anschlie\u00dfend gel\u00f6scht, sofern Sie der weitergehenden Verarbeitung und Nutzung nicht zugestimmt haben.<\/p>\n<h4 style=\"font-style: normal; box-sizing: inherit; font-family: proxima-nova, BlinkMacSystemFont, -apple-system, Roboto, 'Lucida Sans'; font-weight: 600; color: #151515; text-rendering: optimizeLegibility; font-size: 34px;\">Erhebung, Verarbeitung und Nutzung personenbezogener Daten<\/h4>\n<p>Wir erheben personenbezogene Daten (Einzelangaben \u00fcber pers\u00f6nliche oder sachliche Verh\u00e4ltnisse einer bestimmten oder bestimmbaren nat\u00fcrlichen Person) nur in dem von Ihnen zur Verf\u00fcgung gestellten Umfang.<br style=\"box-sizing: inherit; margin-bottom: 0px;\">Die Verarbeitung und Nutzung Ihrer personenbezogenen Daten erfolgt zur Bearbeitung Ihrer Anfragen.<\/p>\n<h4 style=\"font-style: normal; box-sizing: inherit; font-family: proxima-nova, BlinkMacSystemFont, -apple-system, Roboto, 'Lucida Sans'; font-weight: 600; color: #151515; text-rendering: optimizeLegibility; font-size: 34px;\">Verwendung der E-Mail-Adresse f\u00fcr die Zusendung von Informationen<\/h4>\n<p>Wir nutzen Ihre E-Mail-Adresse&nbsp;<span style=\"box-sizing: inherit;\">ausschlie\u00dflich f\u00fcr den Versand von Informationen, sofern Sie dem ausdr\u00fccklich zugestimmt haben.<br style=\"box-sizing: inherit; margin-bottom: 0px;\">Ihre diesbez\u00fcglich abzugebende Einwilligungserkl\u00e4rung lautet wie folgt:<\/span><\/p>\n<p><span style=\"box-sizing: inherit; font-weight: bold; line-height: inherit;\">\u201eNewsletter abonnieren \u201c&nbsp;<\/span>.<\/p>\n<p>Sie k\u00f6nnen den Newsletter jederzeit unter Nutzung des entsprechenden Link im Newsletter oder durch Nachricht an uns abbestellen, die Kontaktdaten hierzu finden Sie in unserem Impressum.<br style=\"box-sizing: inherit; margin-bottom: 0px;\">Ihre E-Mail-Adresse wird danach aus dem Verteiler gel\u00f6scht.<\/p>\n<h4 style=\"font-style: normal; box-sizing: inherit; font-family: proxima-nova, BlinkMacSystemFont, -apple-system, Roboto, 'Lucida Sans'; font-weight: 600; color: #151515; text-rendering: optimizeLegibility; font-size: 34px;\">Weitergabe personenbezogener Daten<\/h4>\n<p>Eine Weitergabe Ihrer Daten an Dritte ohne Ihre ausdr\u00fcckliche Einwilligung erfolgt nicht.<\/p>\n<h4 style=\"font-style: normal; box-sizing: inherit; font-family: proxima-nova, BlinkMacSystemFont, -apple-system, Roboto, 'Lucida Sans'; font-weight: 600; color: #151515; text-rendering: optimizeLegibility; font-size: 34px;\">Cookies<\/h4>\n<p>Unsere Internetseiten verwenden an mehreren Stellen so genannte Cookies. Cookies sind kleine Textdateien, die auf Ihrem Rechner abgelegt werden und die Ihr Browser speichert. Sie dienen dazu, unser Angebot nutzerfreundlicher, effektiver und sicherer zu machen. Des Weiteren erm\u00f6glichen Cookies unseren Systemen, Ihren Browser zu erkennen und Ihnen Services anzubieten. Cookies enthalten keine personenbezogenen Daten.<\/p>\n<h4 style=\"font-style: normal; box-sizing: inherit; font-family: proxima-nova, BlinkMacSystemFont, -apple-system, Roboto, 'Lucida Sans'; font-weight: 600; color: #151515; text-rendering: optimizeLegibility; font-size: 34px;\">Verwendung von Facebook-Plug-ins<\/h4>\n<p>Auf diesen Internetseiten werden Plug-ins des sozialen Netzwerkes facebook.com verwendet, das von der Facebook Inc., 1601 S. California Ave, Palo Alto, CA 94304, USA betrieben wird (\u201eFacebook\u201c ).<br style=\"box-sizing: inherit;\">Wenn Sie mit einem solchen Plug-in versehene Internetseiten unserer Internetpr\u00e4senz aufrufen, wird eine Verbindung zu den Facebook-Servern hergestellt und dabei das Plug-in durch Mitteilung an Ihren Browser auf der Internetseite dargestellt. Hierdurch wird an den Facebook-Server \u00fcbermittelt, welche unserer Internetseiten Sie besucht haben. Sind Sie dabei als Mitglied bei Facebook eingeloggt, ordnet Facebook diese Information Ihrem pers\u00f6nlichen Facebook-Benutzerkonto zu. Bei der Nutzung der Plug-in-Funktionen (z.B. Anklicken des \u201eGef\u00e4llt mir\u201c-Buttons, Abgabe eines Kommentars) werden auch diese Informationen Ihrem Facebook-Konto zugeordnet, was Sie nur durch Ausloggen vor Nutzung des Plug-ins verhindern k\u00f6nnen.<br style=\"box-sizing: inherit; margin-bottom: 0px;\">Wenn Sie nicht m\u00f6chten, dass Facebook die gesammelten Informationen unmittelbar Ihrem Facebook Profil zuordnet, m\u00fcssen Sie sich entweder vor dem Besuch unserer Seite bei Facebook ausloggen oder&nbsp;durch den Einsatz eines \u201eFacebook-Blockers\u201c das Laden der Facebook-Plug-Ins auf unseren Webseiten blockieren.<\/p>\n<p>N\u00e4here Informationen zur Erhebung und Nutzung der Daten durch Facebook, \u00fcber Ihre diesbez\u00fcglichen Rechte und M\u00f6glichkeiten zum Schutz Ihrer Privatsph\u00e4re finden Sie in den Datenschutzhinweisen von Facebook:&nbsp;<a style=\"box-sizing: inherit; color: #151515; line-height: inherit; cursor: pointer; transition-duration: 0.25s; transition-timing-function: cubic-bezier(0.165, 0.84, 0.44, 1); display: inline-block; position: relative;\" href=\"https:\/\/www.facebook.com\/policy.php\" target=\"_blank\" rel=\"nofollow noopener\">https:\/\/www.facebook.com\/policy.php<\/a><\/p>\n<h4 style=\"font-style: normal; box-sizing: inherit; font-family: proxima-nova, BlinkMacSystemFont, -apple-system, Roboto, 'Lucida Sans'; font-weight: 600; color: #151515; text-rendering: optimizeLegibility; font-size: 34px;\">Auskunft, Berichtigung, Sperrung und L\u00f6schung von Daten<\/h4>\n<p>Sie haben jederzeit das Recht auf unentgeltliche Auskunft \u00fcber Ihre gespeicherten Daten sowie das Recht auf Berichtigung, L\u00f6schung bzw. Sperrung. Kontaktieren Sie uns auf Wunsch. Wenden Sie sich dazu an unseren Datenschutzbeauftragten.<\/p>\t\t\t\t\t\t<\/div>\n\t\t\t\t<\/div>\n\t\t\t\t\t<\/div>\n\t\t<\/div>\n\t\t\t\t\t<\/div>\n\t\t<\/section>\n\t\t\t\t<\/div>\n\t\t","protected":false},"excerpt":{"rendered":"<p>Datenschutz Wir legen gr\u00f6\u00dften Wert auf den Schutz Ihrer Daten und die Wahrung Ihrer Privatsph\u00e4re. Nachstehend informieren wir Sie deshalb \u00fcber die Erhebung und Verwendung pers\u00f6nlicher Daten bei Nutzung unserer Webseite. Name und Kontaktdaten des Verantwortlichen Der Verantwortliche im Sinne der datenschutzrechtlichen Bestimmungen f\u00fcr die Verarbeitung personenbezogener Daten ist: Fotogruppe Objektiv VSE Saarlouis e.V. Vorsitzender [&hellip;]<\/p>\n","protected":false},"author":1,"featured_media":0,"parent":0,"menu_order":0,"comment_status":"closed","ping_status":"closed","template":"","meta":{"site-sidebar-layout":"no-sidebar","site-content-layout":"page-builder","ast-site-content-layout":"","site-content-style":"default","site-sidebar-style":"default","ast-global-header-display":"","ast-banner-title-visibility":"","ast-main-header-display":"","ast-hfb-above-header-display":"","ast-hfb-below-header-display":"","ast-hfb-mobile-header-display":"","site-post-title":"disabled","ast-breadcrumbs-content":"","ast-featured-img":"disabled","footer-sml-layout":"","theme-transparent-header-meta":"default","adv-header-id-meta":"","stick-header-meta":"","header-above-stick-meta":"","header-main-stick-meta":"","header-below-stick-meta":"","astra-migrate-meta-layouts":"default","ast-page-background-enabled":"default","ast-page-background-meta":{"desktop":{"background-color":"","background-image":"","background-repeat":"repeat","background-position":"center center","background-size":"auto","background-attachment":"scroll","background-type":"","background-media":"","overlay-type":"","overlay-color":"","overlay-opacity":"","overlay-gradient":""},"tablet":{"background-color":"","background-image":"","background-repeat":"repeat","background-position":"center center","background-size":"auto","background-attachment":"scroll","background-type":"","background-media":"","overlay-type":"","overlay-color":"","overlay-opacity":"","overlay-gradient":""},"mobile":{"background-color":"","background-image":"","background-repeat":"repeat","background-position":"center center","background-size":"auto","background-attachment":"scroll","background-type":"","background-media":"","overlay-type":"","overlay-color":"","overlay-opacity":"","overlay-gradient":""}},"ast-content-background-meta":{"desktop":{"background-color":"var(--ast-global-color-5)","background-image":"","background-repeat":"repeat","background-position":"center center","background-size":"auto","background-attachment":"scroll","background-type":"","background-media":"","overlay-type":"","overlay-color":"","overlay-opacity":"","overlay-gradient":""},"tablet":{"background-color":"var(--ast-global-color-5)","background-image":"","background-repeat":"repeat","background-position":"center center","background-size":"auto","background-attachment":"scroll","background-type":"","background-media":"","overlay-type":"","overlay-color":"","overlay-opacity":"","overlay-gradient":""},"mobile":{"background-color":"var(--ast-global-color-5)","background-image":"","background-repeat":"repeat","background-position":"center center","background-size":"auto","background-attachment":"scroll","background-type":"","background-media":"","overlay-type":"","overlay-color":"","overlay-opacity":"","overlay-gradient":""}},"footnotes":""},"class_list":["post-74","page","type-page","status-publish","hentry"],"_links":{"self":[{"href":"https:\/\/fotogruppeobjektiv-vse.de\/index.php?rest_route=\/wp\/v2\/pages\/74"}],"collection":[{"href":"https:\/\/fotogruppeobjektiv-vse.de\/index.php?rest_route=\/wp\/v2\/pages"}],"about":[{"href":"https:\/\/fotogruppeobjektiv-vse.de\/index.php?rest_route=\/wp\/v2\/types\/page"}],"author":[{"embeddable":true,"href":"https:\/\/fotogruppeobjektiv-vse.de\/index.php?rest_route=\/wp\/v2\/users\/1"}],"replies":[{"embeddable":true,"href":"https:\/\/fotogruppeobjektiv-vse.de\/index.php?rest_route=%2Fwp%2Fv2%2Fcomments&post=74"}],"version-history":[{"count":11,"href":"https:\/\/fotogruppeobjektiv-vse.de\/index.php?rest_route=\/wp\/v2\/pages\/74\/revisions"}],"predecessor-version":[{"id":1223,"href":"https:\/\/fotogruppeobjektiv-vse.de\/index.php?rest_route=\/wp\/v2\/pages\/74\/revisions\/1223"}],"wp:attachment":[{"href":"https:\/\/fotogruppeobjektiv-vse.de\/index.php?rest_route=%2Fwp%2Fv2%2Fmedia&parent=74"}],"curies":[{"name":"wp","href":"https:\/\/api.w.org\/{rel}","templated":true}]}}